{"id":49,"date":"2024-05-22T09:55:24","date_gmt":"2024-05-22T07:55:24","guid":{"rendered":"https:\/\/test-prostate.com\/?page_id=49"},"modified":"2024-10-03T17:55:14","modified_gmt":"2024-10-03T15:55:14","slug":"prostia","status":"publish","type":"page","link":"https:\/\/test-prostate.com\/?page_id=49","title":{"rendered":"PROSTia"},"content":{"rendered":"\t\t<div data-elementor-type=\"wp-page\" data-elementor-id=\"49\" class=\"elementor elementor-49\">\n\t\t\t\t<div class=\"elementor-element elementor-element-921e4c2 e-flex e-con-boxed e-con e-parent\" data-id=\"921e4c2\" data-element_type=\"container\">\n\t\t\t\t\t<div class=\"e-con-inner\">\n\t\t\t\t<div class=\"elementor-element elementor-element-aa31713 elementor-widget elementor-widget-text-editor\" data-id=\"aa31713\" data-element_type=\"widget\" data-widget_type=\"text-editor.default\">\n\t\t\t\t<div class=\"elementor-widget-container\">\n\t\t\t<style>\/*! elementor - v3.21.0 - 26-05-2024 *\/\n.elementor-widget-text-editor.elementor-drop-cap-view-stacked .elementor-drop-cap{background-color:#69727d;color:#fff}.elementor-widget-text-editor.elementor-drop-cap-view-framed .elementor-drop-cap{color:#69727d;border:3px solid;background-color:transparent}.elementor-widget-text-editor:not(.elementor-drop-cap-view-default) .elementor-drop-cap{margin-top:8px}.elementor-widget-text-editor:not(.elementor-drop-cap-view-default) .elementor-drop-cap-letter{width:1em;height:1em}.elementor-widget-text-editor .elementor-drop-cap{float:left;text-align:center;line-height:1;font-size:50px}.elementor-widget-text-editor .elementor-drop-cap-letter{display:inline-block}<\/style>\t\t\t\t<h2 style=\"text-align: center;\">PROSTia : \u00c9valuation Personnalis\u00e9e du Risque de Cancer de la Prostate<\/h2><div class=\"page\" title=\"Page 1\"><div class=\"section\"><div class=\"layoutArea\"><div class=\"column\"><p>PROSTia est une solution de d\u00e9pistage innovante, d\u00e9velopp\u00e9e par la soci\u00e9t\u00e9 <a href=\"https:\/\/prostperia.com\/\">Prostperia<\/a>, qui repose sur l&#8217;intelligence artificielle pour \u00e9valuer de mani\u00e8re personnalis\u00e9e le risque de cancer de la prostate. Ce test non invasif combine l&#8217;analyse des r\u00e9sultats d&#8217;un questionnaire complet portant sur les ant\u00e9c\u00e9dents m\u00e9dicaux et le mode de vie du patient, avec les r\u00e9sultats du test PSA (antig\u00e8ne prostatique sp\u00e9cifique), un marqueur biologique cl\u00e9 dans le d\u00e9pistage du cancer de la prostate. Gr\u00e2ce \u00e0 cette approche int\u00e9gr\u00e9e, PROSTia fournit une \u00e9valuation pr\u00e9cise et individualis\u00e9e du risque, permettant aux patients et aux professionnels de sant\u00e9 de prendre des d\u00e9cisions \u00e9clair\u00e9es sur les actions de suivi ou de traitement \u00e0 entreprendre.<\/p><\/div><\/div><\/div><\/div>\t\t\t\t\t\t<\/div>\n\t\t\t\t<\/div>\n\t\t\t\t<div class=\"elementor-element elementor-element-43d2556 elementor-widget elementor-widget-text-editor\" data-id=\"43d2556\" data-element_type=\"widget\" data-widget_type=\"text-editor.default\">\n\t\t\t\t<div class=\"elementor-widget-container\">\n\t\t\t\t\t\t\t<h3>Comment fonctionne PROSTia ?<\/h3><p><img fetchpriority=\"high\" decoding=\"async\" class=\"alignnone wp-image-462 size-full\" src=\"http:\/\/test-prostate.com\/wp-content\/uploads\/2024\/10\/Capture-decran-2024-10-03-a-17.39.36.png\" alt=\"\" width=\"1792\" height=\"528\" srcset=\"https:\/\/test-prostate.com\/wp-content\/uploads\/2024\/10\/Capture-decran-2024-10-03-a-17.39.36.png 1792w, https:\/\/test-prostate.com\/wp-content\/uploads\/2024\/10\/Capture-decran-2024-10-03-a-17.39.36-300x88.png 300w, https:\/\/test-prostate.com\/wp-content\/uploads\/2024\/10\/Capture-decran-2024-10-03-a-17.39.36-1024x302.png 1024w, https:\/\/test-prostate.com\/wp-content\/uploads\/2024\/10\/Capture-decran-2024-10-03-a-17.39.36-768x226.png 768w, https:\/\/test-prostate.com\/wp-content\/uploads\/2024\/10\/Capture-decran-2024-10-03-a-17.39.36-1536x453.png 1536w\" sizes=\"(max-width: 1792px) 100vw, 1792px\" \/><\/p><p>Le sch\u00e9ma pr\u00e9sente le processus d&#8217;analyse de PROSTia, un outil de d\u00e9pistage du cancer de la prostate bas\u00e9 sur l&#8217;intelligence artificielle. Il combine plusieurs sources d&#8217;informations pour fournir une \u00e9valuation personnalis\u00e9e du risque.<\/p><p><strong>1.\u00a0Donn\u00e9es biologiques PSA<\/strong> : L&#8217;analyse commence par la collecte de donn\u00e9es biologiques \u00e0 partir du test PSA (antig\u00e8ne prostatique sp\u00e9cifique). Ce test permet de mesurer le taux de PSA dans le sang, une prot\u00e9ine produite par la prostate, dont les niveaux peuvent indiquer des anomalies.<\/p><p><strong>2. Toucher rectal (DRE<\/strong>) : En compl\u00e9ment du test PSA, un toucher rectal (examen manuel de la prostate) peut \u00eatre effectu\u00e9 pour d\u00e9tecter des anomalies physiques telles qu&#8217;une hypertrophie ou des nodules.<\/p><p><strong>3. Donn\u00e9es personnelles et mode de vie<\/strong> : Les informations concernant l&#8217;\u00e2ge, les ant\u00e9c\u00e9dents familiaux, ainsi que le mode de vie (alimentation, exercice, etc.) sont \u00e9galement collect\u00e9es pour compl\u00e9ter l&#8217;analyse.<\/p><p><strong>4. Test de d\u00e9pistage bas\u00e9 sur l&#8217;IA<\/strong> : Toutes ces donn\u00e9es sont ensuite analys\u00e9es par un algorithme d&#8217;intelligence artificielle qui mod\u00e9lise le risque individuel du patient de d\u00e9velopper un cancer de la prostate.<\/p><p><strong>5. R\u00e9sultats PROSTia<\/strong> : \u00c0 partir de cette analyse approfondie, PROSTia g\u00e9n\u00e8re des r\u00e9sultats sous forme d&#8217;un rapport personnalis\u00e9. Ce rapport aide \u00e0 d\u00e9terminer si des examens suppl\u00e9mentaires ou un suivi m\u00e9dical sont n\u00e9cessaires.<\/p><p>Ce processus int\u00e9gr\u00e9 permet une \u00e9valuation compl\u00e8te et pr\u00e9cise, offrant aux patients une meilleure compr\u00e9hension de leur risque personnel, tout en permettant aux professionnels de sant\u00e9 de prendre des d\u00e9cisions adapt\u00e9es.<\/p>\t\t\t\t\t\t<\/div>\n\t\t\t\t<\/div>\n\t\t\t\t\t<\/div>\n\t\t\t\t<\/div>\n\t\t\t\t<\/div>\n\t\t","protected":false},"excerpt":{"rendered":"<p>PROSTia : \u00c9valuation Personnalis\u00e9e du Risque de Cancer de la Prostate PROSTia est une solution de d\u00e9pistage innovante, d\u00e9velopp\u00e9e par la soci\u00e9t\u00e9 Prostperia, qui repose sur l&#8217;intelligence artificielle pour \u00e9valuer de mani\u00e8re personnalis\u00e9e le risque de cancer de la prostate. Ce test non invasif combine l&#8217;analyse des r\u00e9sultats d&#8217;un questionnaire complet portant sur les ant\u00e9c\u00e9dents&#8230;<\/p>\n","protected":false},"author":1,"featured_media":0,"parent":0,"menu_order":0,"comment_status":"closed","ping_status":"closed","template":"","meta":{"_themeisle_gutenberg_block_has_review":false,"_kadence_starter_templates_imported_post":false,"_kad_post_transparent":"","_kad_post_title":"hide","_kad_post_layout":"fullwidth","_kad_post_sidebar_id":"","_kad_post_content_style":"unboxed","_kad_post_vertical_padding":"hide","_kad_post_feature":"hide","_kad_post_feature_position":"","_kad_post_header":false,"_kad_post_footer":false,"footnotes":""},"class_list":["post-49","page","type-page","status-publish","hentry"],"yoast_head":"<!-- This site is optimized with the Yoast SEO plugin v22.8 - https:\/\/yoast.com\/wordpress\/plugins\/seo\/ -->\n<title>PROSTia -<\/title>\n<meta name=\"robots\" content=\"index, follow, max-snippet:-1, max-image-preview:large, max-video-preview:-1\" \/>\n<link rel=\"canonical\" href=\"https:\/\/test-prostate.com\/?page_id=49\" \/>\n<meta property=\"og:locale\" content=\"en_US\" \/>\n<meta property=\"og:type\" content=\"article\" \/>\n<meta property=\"og:title\" content=\"PROSTia -\" \/>\n<meta property=\"og:description\" content=\"PROSTia : \u00c9valuation Personnalis\u00e9e du Risque de Cancer de la Prostate PROSTia est une solution de d\u00e9pistage innovante, d\u00e9velopp\u00e9e par la soci\u00e9t\u00e9 Prostperia, qui repose sur l&#8217;intelligence artificielle pour \u00e9valuer de mani\u00e8re personnalis\u00e9e le risque de cancer de la prostate. Ce test non invasif combine l&#8217;analyse des r\u00e9sultats d&#8217;un questionnaire complet portant sur les ant\u00e9c\u00e9dents...\" \/>\n<meta property=\"og:url\" content=\"https:\/\/test-prostate.com\/?page_id=49\" \/>\n<meta property=\"article:modified_time\" content=\"2024-10-03T15:55:14+00:00\" \/>\n<meta property=\"og:image\" content=\"http:\/\/test-prostate.com\/wp-content\/uploads\/2024\/10\/Capture-decran-2024-10-03-a-17.39.36.png\" \/>\n<meta name=\"twitter:card\" content=\"summary_large_image\" \/>\n<script type=\"application\/ld+json\" class=\"yoast-schema-graph\">{\"@context\":\"https:\/\/schema.org\",\"@graph\":[{\"@type\":\"WebPage\",\"@id\":\"https:\/\/test-prostate.com\/?page_id=49\",\"url\":\"https:\/\/test-prostate.com\/?page_id=49\",\"name\":\"PROSTia -\",\"isPartOf\":{\"@id\":\"https:\/\/test-prostate.com\/#website\"},\"primaryImageOfPage\":{\"@id\":\"https:\/\/test-prostate.com\/?page_id=49#primaryimage\"},\"image\":{\"@id\":\"https:\/\/test-prostate.com\/?page_id=49#primaryimage\"},\"thumbnailUrl\":\"http:\/\/test-prostate.com\/wp-content\/uploads\/2024\/10\/Capture-decran-2024-10-03-a-17.39.36.png\",\"datePublished\":\"2024-05-22T07:55:24+00:00\",\"dateModified\":\"2024-10-03T15:55:14+00:00\",\"breadcrumb\":{\"@id\":\"https:\/\/test-prostate.com\/?page_id=49#breadcrumb\"},\"inLanguage\":\"en-US\",\"potentialAction\":[{\"@type\":\"ReadAction\",\"target\":[\"https:\/\/test-prostate.com\/?page_id=49\"]}]},{\"@type\":\"ImageObject\",\"inLanguage\":\"en-US\",\"@id\":\"https:\/\/test-prostate.com\/?page_id=49#primaryimage\",\"url\":\"https:\/\/test-prostate.com\/wp-content\/uploads\/2024\/10\/Capture-decran-2024-10-03-a-17.39.36.png\",\"contentUrl\":\"https:\/\/test-prostate.com\/wp-content\/uploads\/2024\/10\/Capture-decran-2024-10-03-a-17.39.36.png\",\"width\":1792,\"height\":528},{\"@type\":\"BreadcrumbList\",\"@id\":\"https:\/\/test-prostate.com\/?page_id=49#breadcrumb\",\"itemListElement\":[{\"@type\":\"ListItem\",\"position\":1,\"name\":\"Accueil\",\"item\":\"https:\/\/test-prostate.com\/\"},{\"@type\":\"ListItem\",\"position\":2,\"name\":\"PROSTia\"}]},{\"@type\":\"WebSite\",\"@id\":\"https:\/\/test-prostate.com\/#website\",\"url\":\"https:\/\/test-prostate.com\/\",\"name\":\"\",\"description\":\"\",\"potentialAction\":[{\"@type\":\"SearchAction\",\"target\":{\"@type\":\"EntryPoint\",\"urlTemplate\":\"https:\/\/test-prostate.com\/?s={search_term_string}\"},\"query-input\":\"required name=search_term_string\"}],\"inLanguage\":\"en-US\"}]}<\/script>\n<!-- \/ Yoast SEO plugin. -->","yoast_head_json":{"title":"PROSTia -","robots":{"index":"index","follow":"follow","max-snippet":"max-snippet:-1","max-image-preview":"max-image-preview:large","max-video-preview":"max-video-preview:-1"},"canonical":"https:\/\/test-prostate.com\/?page_id=49","og_locale":"en_US","og_type":"article","og_title":"PROSTia -","og_description":"PROSTia : \u00c9valuation Personnalis\u00e9e du Risque de Cancer de la Prostate PROSTia est une solution de d\u00e9pistage innovante, d\u00e9velopp\u00e9e par la soci\u00e9t\u00e9 Prostperia, qui repose sur l&#8217;intelligence artificielle pour \u00e9valuer de mani\u00e8re personnalis\u00e9e le risque de cancer de la prostate. Ce test non invasif combine l&#8217;analyse des r\u00e9sultats d&#8217;un questionnaire complet portant sur les ant\u00e9c\u00e9dents...","og_url":"https:\/\/test-prostate.com\/?page_id=49","article_modified_time":"2024-10-03T15:55:14+00:00","og_image":[{"url":"http:\/\/test-prostate.com\/wp-content\/uploads\/2024\/10\/Capture-decran-2024-10-03-a-17.39.36.png"}],"twitter_card":"summary_large_image","schema":{"@context":"https:\/\/schema.org","@graph":[{"@type":"WebPage","@id":"https:\/\/test-prostate.com\/?page_id=49","url":"https:\/\/test-prostate.com\/?page_id=49","name":"PROSTia -","isPartOf":{"@id":"https:\/\/test-prostate.com\/#website"},"primaryImageOfPage":{"@id":"https:\/\/test-prostate.com\/?page_id=49#primaryimage"},"image":{"@id":"https:\/\/test-prostate.com\/?page_id=49#primaryimage"},"thumbnailUrl":"http:\/\/test-prostate.com\/wp-content\/uploads\/2024\/10\/Capture-decran-2024-10-03-a-17.39.36.png","datePublished":"2024-05-22T07:55:24+00:00","dateModified":"2024-10-03T15:55:14+00:00","breadcrumb":{"@id":"https:\/\/test-prostate.com\/?page_id=49#breadcrumb"},"inLanguage":"en-US","potentialAction":[{"@type":"ReadAction","target":["https:\/\/test-prostate.com\/?page_id=49"]}]},{"@type":"ImageObject","inLanguage":"en-US","@id":"https:\/\/test-prostate.com\/?page_id=49#primaryimage","url":"https:\/\/test-prostate.com\/wp-content\/uploads\/2024\/10\/Capture-decran-2024-10-03-a-17.39.36.png","contentUrl":"https:\/\/test-prostate.com\/wp-content\/uploads\/2024\/10\/Capture-decran-2024-10-03-a-17.39.36.png","width":1792,"height":528},{"@type":"BreadcrumbList","@id":"https:\/\/test-prostate.com\/?page_id=49#breadcrumb","itemListElement":[{"@type":"ListItem","position":1,"name":"Accueil","item":"https:\/\/test-prostate.com\/"},{"@type":"ListItem","position":2,"name":"PROSTia"}]},{"@type":"WebSite","@id":"https:\/\/test-prostate.com\/#website","url":"https:\/\/test-prostate.com\/","name":"","description":"","potentialAction":[{"@type":"SearchAction","target":{"@type":"EntryPoint","urlTemplate":"https:\/\/test-prostate.com\/?s={search_term_string}"},"query-input":"required name=search_term_string"}],"inLanguage":"en-US"}]}},"_links":{"self":[{"href":"https:\/\/test-prostate.com\/index.php?rest_route=\/wp\/v2\/pages\/49","targetHints":{"allow":["GET"]}}],"collection":[{"href":"https:\/\/test-prostate.com\/index.php?rest_route=\/wp\/v2\/pages"}],"about":[{"href":"https:\/\/test-prostate.com\/index.php?rest_route=\/wp\/v2\/types\/page"}],"author":[{"embeddable":true,"href":"https:\/\/test-prostate.com\/index.php?rest_route=\/wp\/v2\/users\/1"}],"replies":[{"embeddable":true,"href":"https:\/\/test-prostate.com\/index.php?rest_route=%2Fwp%2Fv2%2Fcomments&post=49"}],"version-history":[{"count":4,"href":"https:\/\/test-prostate.com\/index.php?rest_route=\/wp\/v2\/pages\/49\/revisions"}],"predecessor-version":[{"id":465,"href":"https:\/\/test-prostate.com\/index.php?rest_route=\/wp\/v2\/pages\/49\/revisions\/465"}],"wp:attachment":[{"href":"https:\/\/test-prostate.com\/index.php?rest_route=%2Fwp%2Fv2%2Fmedia&parent=49"}],"curies":[{"name":"wp","href":"https:\/\/api.w.org\/{rel}","templated":true}]}}