{"id":428,"date":"2024-10-03T16:58:39","date_gmt":"2024-10-03T14:58:39","guid":{"rendered":"https:\/\/test-prostate.com\/?page_id=428"},"modified":"2024-10-03T17:30:47","modified_gmt":"2024-10-03T15:30:47","slug":"methodes-de-depistage","status":"publish","type":"page","link":"https:\/\/test-prostate.com\/?page_id=428","title":{"rendered":"M\u00e9thodes de d\u00e9pistage"},"content":{"rendered":"\t\t<div data-elementor-type=\"wp-page\" data-elementor-id=\"428\" class=\"elementor elementor-428\">\n\t\t\t\t<div class=\"elementor-element elementor-element-ff15b49 e-flex e-con-boxed e-con e-parent\" data-id=\"ff15b49\" data-element_type=\"container\">\n\t\t\t\t\t<div class=\"e-con-inner\">\n\t\t\t\t<div class=\"elementor-element elementor-element-6c4fa92 elementor-widget elementor-widget-text-editor\" data-id=\"6c4fa92\" data-element_type=\"widget\" data-widget_type=\"text-editor.default\">\n\t\t\t\t<div class=\"elementor-widget-container\">\n\t\t\t<style>\/*! elementor - v3.21.0 - 26-05-2024 *\/\n.elementor-widget-text-editor.elementor-drop-cap-view-stacked .elementor-drop-cap{background-color:#69727d;color:#fff}.elementor-widget-text-editor.elementor-drop-cap-view-framed .elementor-drop-cap{color:#69727d;border:3px solid;background-color:transparent}.elementor-widget-text-editor:not(.elementor-drop-cap-view-default) .elementor-drop-cap{margin-top:8px}.elementor-widget-text-editor:not(.elementor-drop-cap-view-default) .elementor-drop-cap-letter{width:1em;height:1em}.elementor-widget-text-editor .elementor-drop-cap{float:left;text-align:center;line-height:1;font-size:50px}.elementor-widget-text-editor .elementor-drop-cap-letter{display:inline-block}<\/style>\t\t\t\t<h2 style=\"text-align: center;\">M\u00e9thodes de D\u00e9pistage du Cancer de la Prostate<\/h2><p>D\u00e9couvrez les diff\u00e9rentes m\u00e9thodes utilis\u00e9es pour d\u00e9pister le cancer de la prostate et l&#8217;outil innovant PROSTia qui \u00e9value les risques de mani\u00e8re personnalis\u00e9e. Le d\u00e9pistage pr\u00e9coce sauve des vies.<\/p>\t\t\t\t\t\t<\/div>\n\t\t\t\t<\/div>\n\t\t\t\t\t<\/div>\n\t\t\t\t<\/div>\n\t\t<div class=\"elementor-element elementor-element-47ff6c1 e-flex e-con-boxed e-con e-parent\" data-id=\"47ff6c1\" data-element_type=\"container\">\n\t\t\t\t\t<div class=\"e-con-inner\">\n\t\t\t\t<div class=\"elementor-element elementor-element-072ce48 elementor-widget elementor-widget-spacer\" data-id=\"072ce48\" data-element_type=\"widget\" data-widget_type=\"spacer.default\">\n\t\t\t\t<div class=\"elementor-widget-container\">\n\t\t\t<style>\/*! elementor - v3.21.0 - 26-05-2024 *\/\n.elementor-column .elementor-spacer-inner{height:var(--spacer-size)}.e-con{--container-widget-width:100%}.e-con-inner>.elementor-widget-spacer,.e-con>.elementor-widget-spacer{width:var(--container-widget-width,var(--spacer-size));--align-self:var(--container-widget-align-self,initial);--flex-shrink:0}.e-con-inner>.elementor-widget-spacer>.elementor-widget-container,.e-con>.elementor-widget-spacer>.elementor-widget-container{height:100%;width:100%}.e-con-inner>.elementor-widget-spacer>.elementor-widget-container>.elementor-spacer,.e-con>.elementor-widget-spacer>.elementor-widget-container>.elementor-spacer{height:100%}.e-con-inner>.elementor-widget-spacer>.elementor-widget-container>.elementor-spacer>.elementor-spacer-inner,.e-con>.elementor-widget-spacer>.elementor-widget-container>.elementor-spacer>.elementor-spacer-inner{height:var(--container-widget-height,var(--spacer-size))}.e-con-inner>.elementor-widget-spacer.elementor-widget-empty,.e-con>.elementor-widget-spacer.elementor-widget-empty{position:relative;min-height:22px;min-width:22px}.e-con-inner>.elementor-widget-spacer.elementor-widget-empty .elementor-widget-empty-icon,.e-con>.elementor-widget-spacer.elementor-widget-empty .elementor-widget-empty-icon{position:absolute;top:0;bottom:0;left:0;right:0;margin:auto;padding:0;width:22px;height:22px}<\/style>\t\t<div class=\"elementor-spacer\">\n\t\t\t<div class=\"elementor-spacer-inner\"><\/div>\n\t\t<\/div>\n\t\t\t\t<\/div>\n\t\t\t\t<\/div>\n\t\t\t\t\t<\/div>\n\t\t\t\t<\/div>\n\t\t<div class=\"elementor-element elementor-element-1e5fad5 e-grid e-con-boxed e-con e-parent\" data-id=\"1e5fad5\" data-element_type=\"container\">\n\t\t\t\t\t<div class=\"e-con-inner\">\n\t\t\t\t<div class=\"elementor-element elementor-element-98bd68e elementor-align-center elementor-widget elementor-widget-button\" data-id=\"98bd68e\" data-element_type=\"widget\" data-widget_type=\"button.default\">\n\t\t\t\t<div class=\"elementor-widget-container\">\n\t\t\t\t\t<div class=\"elementor-button-wrapper\">\n\t\t\t<a class=\"elementor-button elementor-button-link elementor-size-sm\" href=\"#\">\n\t\t\t\t\t\t<span class=\"elementor-button-content-wrapper\">\n\t\t\t\t\t\t\t\t\t<span class=\"elementor-button-text\">Les diff\u00e9rentes m\u00e9thodes de d\u00e9pistage<\/span>\n\t\t\t\t\t<\/span>\n\t\t\t\t\t<\/a>\n\t\t<\/div>\n\t\t\t\t<\/div>\n\t\t\t\t<\/div>\n\t\t\t\t<div class=\"elementor-element elementor-element-abf9e0a elementor-align-center elementor-widget elementor-widget-button\" data-id=\"abf9e0a\" data-element_type=\"widget\" data-widget_type=\"button.default\">\n\t\t\t\t<div class=\"elementor-widget-container\">\n\t\t\t\t\t<div class=\"elementor-button-wrapper\">\n\t\t\t<a class=\"elementor-button elementor-button-link elementor-size-sm\" href=\"#\">\n\t\t\t\t\t\t<span class=\"elementor-button-content-wrapper\">\n\t\t\t\t\t\t\t\t\t<span class=\"elementor-button-text\">PROSTia<\/span>\n\t\t\t\t\t<\/span>\n\t\t\t\t\t<\/a>\n\t\t<\/div>\n\t\t\t\t<\/div>\n\t\t\t\t<\/div>\n\t\t\t\t\t<\/div>\n\t\t\t\t<\/div>\n\t\t<div class=\"elementor-element elementor-element-7488b4c e-grid e-con-boxed e-con e-parent\" data-id=\"7488b4c\" data-element_type=\"container\">\n\t\t\t\t\t<div class=\"e-con-inner\">\n\t\t\t\t<div class=\"elementor-element elementor-element-2e90066 elementor-widget elementor-widget-text-editor\" data-id=\"2e90066\" data-element_type=\"widget\" data-widget_type=\"text-editor.default\">\n\t\t\t\t<div class=\"elementor-widget-container\">\n\t\t\t\t\t\t\t<p>Informez-vous sur les m\u00e9thodes couramment utilis\u00e9es pour d\u00e9pister le cancer de la prostate, telles que le test PSA, le toucher rectal, et l&#8217;IRM prostatique<\/p><p><img decoding=\"async\" class=\"wp-image-434 aligncenter\" src=\"http:\/\/test-prostate.com\/wp-content\/uploads\/2024\/10\/Capture-decran-2024-10-03-a-17.11.09-300x200.png\" alt=\"\" width=\"221\" height=\"148\" srcset=\"https:\/\/test-prostate.com\/wp-content\/uploads\/2024\/10\/Capture-decran-2024-10-03-a-17.11.09-300x200.png 300w, https:\/\/test-prostate.com\/wp-content\/uploads\/2024\/10\/Capture-decran-2024-10-03-a-17.11.09-1024x683.png 1024w, https:\/\/test-prostate.com\/wp-content\/uploads\/2024\/10\/Capture-decran-2024-10-03-a-17.11.09-768x512.png 768w, https:\/\/test-prostate.com\/wp-content\/uploads\/2024\/10\/Capture-decran-2024-10-03-a-17.11.09.png 1464w\" sizes=\"(max-width: 221px) 100vw, 221px\" \/><\/p>\t\t\t\t\t\t<\/div>\n\t\t\t\t<\/div>\n\t\t\t\t<div class=\"elementor-element elementor-element-adc9150 elementor-widget elementor-widget-text-editor\" data-id=\"adc9150\" data-element_type=\"widget\" data-widget_type=\"text-editor.default\">\n\t\t\t\t<div class=\"elementor-widget-container\">\n\t\t\t\t\t\t\t<p>D\u00e9couvrez PROSTia, un\u00a0<span style=\"font-family: var(--global-body-font-family);\">test innovant pour le de\u0301pistage du cancer de la prostate <\/span><span style=\"font-family: var(--global-body-font-family);\">base\u0301 sur l&#8217;intelligence artificielle et de\u0301veloppe\u0301 par la socie\u0301te\u0301 Prostperia.<\/span><\/p><p><img decoding=\"async\" class=\" wp-image-436 aligncenter\" src=\"http:\/\/test-prostate.com\/wp-content\/uploads\/2024\/10\/PROSTPERIA_LOGO_HORIZONTAL_CMYK-300x101.png\" alt=\"\" width=\"6\" height=\"2\" srcset=\"https:\/\/test-prostate.com\/wp-content\/uploads\/2024\/10\/PROSTPERIA_LOGO_HORIZONTAL_CMYK-300x101.png 300w, https:\/\/test-prostate.com\/wp-content\/uploads\/2024\/10\/PROSTPERIA_LOGO_HORIZONTAL_CMYK-1024x344.png 1024w, https:\/\/test-prostate.com\/wp-content\/uploads\/2024\/10\/PROSTPERIA_LOGO_HORIZONTAL_CMYK-768x258.png 768w, https:\/\/test-prostate.com\/wp-content\/uploads\/2024\/10\/PROSTPERIA_LOGO_HORIZONTAL_CMYK-1536x516.png 1536w, https:\/\/test-prostate.com\/wp-content\/uploads\/2024\/10\/PROSTPERIA_LOGO_HORIZONTAL_CMYK-2048x688.png 2048w\" sizes=\"(max-width: 6px) 100vw, 6px\" \/><\/p><p><img decoding=\"async\" class=\"alignnone size-medium wp-image-432 aligncenter\" src=\"http:\/\/test-prostate.com\/wp-content\/uploads\/2024\/10\/Capture-decran-2024-10-03-a-17.09.10-300x70.png\" alt=\"\" width=\"300\" height=\"70\" srcset=\"https:\/\/test-prostate.com\/wp-content\/uploads\/2024\/10\/Capture-decran-2024-10-03-a-17.09.10-300x70.png 300w, https:\/\/test-prostate.com\/wp-content\/uploads\/2024\/10\/Capture-decran-2024-10-03-a-17.09.10-1024x239.png 1024w, https:\/\/test-prostate.com\/wp-content\/uploads\/2024\/10\/Capture-decran-2024-10-03-a-17.09.10-768x180.png 768w, https:\/\/test-prostate.com\/wp-content\/uploads\/2024\/10\/Capture-decran-2024-10-03-a-17.09.10-1536x359.png 1536w, https:\/\/test-prostate.com\/wp-content\/uploads\/2024\/10\/Capture-decran-2024-10-03-a-17.09.10.png 1634w\" sizes=\"(max-width: 300px) 100vw, 300px\" \/><\/p><p>\u00a0<\/p>\t\t\t\t\t\t<\/div>\n\t\t\t\t<\/div>\n\t\t\t\t\t<\/div>\n\t\t\t\t<\/div>\n\t\t<div class=\"elementor-element elementor-element-70b7be0 e-grid e-con-boxed e-con e-parent\" data-id=\"70b7be0\" data-element_type=\"container\">\n\t\t\t\t\t<div class=\"e-con-inner\">\n\t\t\t\t<div class=\"elementor-element elementor-element-f09c7a1 elementor-align-center elementor-widget elementor-widget-button\" data-id=\"f09c7a1\" data-element_type=\"widget\" data-widget_type=\"button.default\">\n\t\t\t\t<div class=\"elementor-widget-container\">\n\t\t\t\t\t<div class=\"elementor-button-wrapper\">\n\t\t\t<a class=\"elementor-button elementor-button-link elementor-size-sm\" href=\"\">\n\t\t\t\t\t\t<span class=\"elementor-button-content-wrapper\">\n\t\t\t\t\t\t\t\t\t<span class=\"elementor-button-text\">Explorer les m\u00e9thodes de d\u00e9pistage<\/span>\n\t\t\t\t\t<\/span>\n\t\t\t\t\t<\/a>\n\t\t<\/div>\n\t\t\t\t<\/div>\n\t\t\t\t<\/div>\n\t\t\t\t<div class=\"elementor-element elementor-element-48d2ed0 elementor-align-center elementor-widget elementor-widget-button\" data-id=\"48d2ed0\" data-element_type=\"widget\" data-widget_type=\"button.default\">\n\t\t\t\t<div class=\"elementor-widget-container\">\n\t\t\t\t\t<div class=\"elementor-button-wrapper\">\n\t\t\t<a class=\"elementor-button elementor-button-link elementor-size-sm\" href=\"https:\/\/test-prostate.com\/?page_id=49\">\n\t\t\t\t\t\t<span class=\"elementor-button-content-wrapper\">\n\t\t\t\t\t\t\t\t\t<span class=\"elementor-button-text\">En savoir plus sur PROSTia<\/span>\n\t\t\t\t\t<\/span>\n\t\t\t\t\t<\/a>\n\t\t<\/div>\n\t\t\t\t<\/div>\n\t\t\t\t<\/div>\n\t\t\t\t\t<\/div>\n\t\t\t\t<\/div>\n\t\t<div class=\"elementor-element elementor-element-1a11c16 e-flex e-con-boxed e-con e-parent\" data-id=\"1a11c16\" data-element_type=\"container\">\n\t\t\t\t\t<div class=\"e-con-inner\">\n\t\t\t\t<div class=\"elementor-element elementor-element-3771622 elementor-widget elementor-widget-spacer\" data-id=\"3771622\" data-element_type=\"widget\" data-widget_type=\"spacer.default\">\n\t\t\t\t<div class=\"elementor-widget-container\">\n\t\t\t\t\t<div class=\"elementor-spacer\">\n\t\t\t<div class=\"elementor-spacer-inner\"><\/div>\n\t\t<\/div>\n\t\t\t\t<\/div>\n\t\t\t\t<\/div>\n\t\t\t\t\t<\/div>\n\t\t\t\t<\/div>\n\t\t\t\t<\/div>\n\t\t","protected":false},"excerpt":{"rendered":"<p>M\u00e9thodes de D\u00e9pistage du Cancer de la Prostate D\u00e9couvrez les diff\u00e9rentes m\u00e9thodes utilis\u00e9es pour d\u00e9pister le cancer de la prostate et l&#8217;outil innovant PROSTia qui \u00e9value les risques de mani\u00e8re personnalis\u00e9e. Le d\u00e9pistage pr\u00e9coce sauve des vies. Les diff\u00e9rentes m\u00e9thodes de d\u00e9pistage PROSTia Informez-vous sur les m\u00e9thodes couramment utilis\u00e9es pour d\u00e9pister le cancer de la&#8230;<\/p>\n","protected":false},"author":1,"featured_media":0,"parent":0,"menu_order":0,"comment_status":"closed","ping_status":"closed","template":"","meta":{"_themeisle_gutenberg_block_has_review":false,"_kadence_starter_templates_imported_post":false,"_kad_post_transparent":"","_kad_post_title":"hide","_kad_post_layout":"fullwidth","_kad_post_sidebar_id":"","_kad_post_content_style":"unboxed","_kad_post_vertical_padding":"hide","_kad_post_feature":"hide","_kad_post_feature_position":"","_kad_post_header":false,"_kad_post_footer":false,"footnotes":""},"class_list":["post-428","page","type-page","status-publish","hentry"],"yoast_head":"<!-- This site is optimized with the Yoast SEO plugin v22.8 - https:\/\/yoast.com\/wordpress\/plugins\/seo\/ -->\n<title>M\u00e9thodes de d\u00e9pistage -<\/title>\n<meta name=\"robots\" content=\"index, follow, max-snippet:-1, max-image-preview:large, max-video-preview:-1\" \/>\n<link rel=\"canonical\" href=\"https:\/\/test-prostate.com\/?page_id=428\" \/>\n<meta property=\"og:locale\" content=\"en_US\" \/>\n<meta property=\"og:type\" content=\"article\" \/>\n<meta property=\"og:title\" content=\"M\u00e9thodes de d\u00e9pistage -\" \/>\n<meta property=\"og:description\" content=\"M\u00e9thodes de D\u00e9pistage du Cancer de la Prostate D\u00e9couvrez les diff\u00e9rentes m\u00e9thodes utilis\u00e9es pour d\u00e9pister le cancer de la prostate et l&#8217;outil innovant PROSTia qui \u00e9value les risques de mani\u00e8re personnalis\u00e9e. Le d\u00e9pistage pr\u00e9coce sauve des vies. Les diff\u00e9rentes m\u00e9thodes de d\u00e9pistage PROSTia Informez-vous sur les m\u00e9thodes couramment utilis\u00e9es pour d\u00e9pister le cancer de la...\" \/>\n<meta property=\"og:url\" content=\"https:\/\/test-prostate.com\/?page_id=428\" \/>\n<meta property=\"article:modified_time\" content=\"2024-10-03T15:30:47+00:00\" \/>\n<meta property=\"og:image\" content=\"http:\/\/test-prostate.com\/wp-content\/uploads\/2024\/10\/Capture-decran-2024-10-03-a-17.11.09-300x200.png\" \/>\n<meta name=\"twitter:card\" content=\"summary_large_image\" \/>\n<meta name=\"twitter:label1\" content=\"Est. reading time\" \/>\n\t<meta name=\"twitter:data1\" content=\"1 minute\" \/>\n<script type=\"application\/ld+json\" class=\"yoast-schema-graph\">{\"@context\":\"https:\/\/schema.org\",\"@graph\":[{\"@type\":\"WebPage\",\"@id\":\"https:\/\/test-prostate.com\/?page_id=428\",\"url\":\"https:\/\/test-prostate.com\/?page_id=428\",\"name\":\"M\u00e9thodes de d\u00e9pistage -\",\"isPartOf\":{\"@id\":\"https:\/\/test-prostate.com\/#website\"},\"primaryImageOfPage\":{\"@id\":\"https:\/\/test-prostate.com\/?page_id=428#primaryimage\"},\"image\":{\"@id\":\"https:\/\/test-prostate.com\/?page_id=428#primaryimage\"},\"thumbnailUrl\":\"http:\/\/test-prostate.com\/wp-content\/uploads\/2024\/10\/Capture-decran-2024-10-03-a-17.11.09-300x200.png\",\"datePublished\":\"2024-10-03T14:58:39+00:00\",\"dateModified\":\"2024-10-03T15:30:47+00:00\",\"breadcrumb\":{\"@id\":\"https:\/\/test-prostate.com\/?page_id=428#breadcrumb\"},\"inLanguage\":\"en-US\",\"potentialAction\":[{\"@type\":\"ReadAction\",\"target\":[\"https:\/\/test-prostate.com\/?page_id=428\"]}]},{\"@type\":\"ImageObject\",\"inLanguage\":\"en-US\",\"@id\":\"https:\/\/test-prostate.com\/?page_id=428#primaryimage\",\"url\":\"https:\/\/test-prostate.com\/wp-content\/uploads\/2024\/10\/Capture-decran-2024-10-03-a-17.11.09.png\",\"contentUrl\":\"https:\/\/test-prostate.com\/wp-content\/uploads\/2024\/10\/Capture-decran-2024-10-03-a-17.11.09.png\",\"width\":1464,\"height\":976},{\"@type\":\"BreadcrumbList\",\"@id\":\"https:\/\/test-prostate.com\/?page_id=428#breadcrumb\",\"itemListElement\":[{\"@type\":\"ListItem\",\"position\":1,\"name\":\"Accueil\",\"item\":\"https:\/\/test-prostate.com\/\"},{\"@type\":\"ListItem\",\"position\":2,\"name\":\"M\u00e9thodes de d\u00e9pistage\"}]},{\"@type\":\"WebSite\",\"@id\":\"https:\/\/test-prostate.com\/#website\",\"url\":\"https:\/\/test-prostate.com\/\",\"name\":\"\",\"description\":\"\",\"potentialAction\":[{\"@type\":\"SearchAction\",\"target\":{\"@type\":\"EntryPoint\",\"urlTemplate\":\"https:\/\/test-prostate.com\/?s={search_term_string}\"},\"query-input\":\"required name=search_term_string\"}],\"inLanguage\":\"en-US\"}]}<\/script>\n<!-- \/ Yoast SEO plugin. -->","yoast_head_json":{"title":"M\u00e9thodes de d\u00e9pistage -","robots":{"index":"index","follow":"follow","max-snippet":"max-snippet:-1","max-image-preview":"max-image-preview:large","max-video-preview":"max-video-preview:-1"},"canonical":"https:\/\/test-prostate.com\/?page_id=428","og_locale":"en_US","og_type":"article","og_title":"M\u00e9thodes de d\u00e9pistage -","og_description":"M\u00e9thodes de D\u00e9pistage du Cancer de la Prostate D\u00e9couvrez les diff\u00e9rentes m\u00e9thodes utilis\u00e9es pour d\u00e9pister le cancer de la prostate et l&#8217;outil innovant PROSTia qui \u00e9value les risques de mani\u00e8re personnalis\u00e9e. Le d\u00e9pistage pr\u00e9coce sauve des vies. Les diff\u00e9rentes m\u00e9thodes de d\u00e9pistage PROSTia Informez-vous sur les m\u00e9thodes couramment utilis\u00e9es pour d\u00e9pister le cancer de la...","og_url":"https:\/\/test-prostate.com\/?page_id=428","article_modified_time":"2024-10-03T15:30:47+00:00","og_image":[{"url":"http:\/\/test-prostate.com\/wp-content\/uploads\/2024\/10\/Capture-decran-2024-10-03-a-17.11.09-300x200.png"}],"twitter_card":"summary_large_image","twitter_misc":{"Est. reading time":"1 minute"},"schema":{"@context":"https:\/\/schema.org","@graph":[{"@type":"WebPage","@id":"https:\/\/test-prostate.com\/?page_id=428","url":"https:\/\/test-prostate.com\/?page_id=428","name":"M\u00e9thodes de d\u00e9pistage -","isPartOf":{"@id":"https:\/\/test-prostate.com\/#website"},"primaryImageOfPage":{"@id":"https:\/\/test-prostate.com\/?page_id=428#primaryimage"},"image":{"@id":"https:\/\/test-prostate.com\/?page_id=428#primaryimage"},"thumbnailUrl":"http:\/\/test-prostate.com\/wp-content\/uploads\/2024\/10\/Capture-decran-2024-10-03-a-17.11.09-300x200.png","datePublished":"2024-10-03T14:58:39+00:00","dateModified":"2024-10-03T15:30:47+00:00","breadcrumb":{"@id":"https:\/\/test-prostate.com\/?page_id=428#breadcrumb"},"inLanguage":"en-US","potentialAction":[{"@type":"ReadAction","target":["https:\/\/test-prostate.com\/?page_id=428"]}]},{"@type":"ImageObject","inLanguage":"en-US","@id":"https:\/\/test-prostate.com\/?page_id=428#primaryimage","url":"https:\/\/test-prostate.com\/wp-content\/uploads\/2024\/10\/Capture-decran-2024-10-03-a-17.11.09.png","contentUrl":"https:\/\/test-prostate.com\/wp-content\/uploads\/2024\/10\/Capture-decran-2024-10-03-a-17.11.09.png","width":1464,"height":976},{"@type":"BreadcrumbList","@id":"https:\/\/test-prostate.com\/?page_id=428#breadcrumb","itemListElement":[{"@type":"ListItem","position":1,"name":"Accueil","item":"https:\/\/test-prostate.com\/"},{"@type":"ListItem","position":2,"name":"M\u00e9thodes de d\u00e9pistage"}]},{"@type":"WebSite","@id":"https:\/\/test-prostate.com\/#website","url":"https:\/\/test-prostate.com\/","name":"","description":"","potentialAction":[{"@type":"SearchAction","target":{"@type":"EntryPoint","urlTemplate":"https:\/\/test-prostate.com\/?s={search_term_string}"},"query-input":"required name=search_term_string"}],"inLanguage":"en-US"}]}},"_links":{"self":[{"href":"https:\/\/test-prostate.com\/index.php?rest_route=\/wp\/v2\/pages\/428","targetHints":{"allow":["GET"]}}],"collection":[{"href":"https:\/\/test-prostate.com\/index.php?rest_route=\/wp\/v2\/pages"}],"about":[{"href":"https:\/\/test-prostate.com\/index.php?rest_route=\/wp\/v2\/types\/page"}],"author":[{"embeddable":true,"href":"https:\/\/test-prostate.com\/index.php?rest_route=\/wp\/v2\/users\/1"}],"replies":[{"embeddable":true,"href":"https:\/\/test-prostate.com\/index.php?rest_route=%2Fwp%2Fv2%2Fcomments&post=428"}],"version-history":[{"count":16,"href":"https:\/\/test-prostate.com\/index.php?rest_route=\/wp\/v2\/pages\/428\/revisions"}],"predecessor-version":[{"id":460,"href":"https:\/\/test-prostate.com\/index.php?rest_route=\/wp\/v2\/pages\/428\/revisions\/460"}],"wp:attachment":[{"href":"https:\/\/test-prostate.com\/index.php?rest_route=%2Fwp%2Fv2%2Fmedia&parent=428"}],"curies":[{"name":"wp","href":"https:\/\/api.w.org\/{rel}","templated":true}]}}