{"id":387,"date":"2024-10-03T14:31:32","date_gmt":"2024-10-03T12:31:32","guid":{"rendered":"https:\/\/test-prostate.com\/?page_id=387"},"modified":"2024-10-03T16:43:48","modified_gmt":"2024-10-03T14:43:48","slug":"la-prostate","status":"publish","type":"page","link":"https:\/\/test-prostate.com\/?page_id=387","title":{"rendered":"La Prostate"},"content":{"rendered":"\t\t<div data-elementor-type=\"wp-page\" data-elementor-id=\"387\" class=\"elementor elementor-387\">\n\t\t\t\t<div class=\"elementor-element elementor-element-2ad6261a e-flex e-con-boxed e-con e-parent\" data-id=\"2ad6261a\" data-element_type=\"container\">\n\t\t\t\t\t<div class=\"e-con-inner\">\n\t\t\t\t<div class=\"elementor-element elementor-element-3330e211 elementor-widget elementor-widget-text-editor\" data-id=\"3330e211\" data-element_type=\"widget\" data-widget_type=\"text-editor.default\">\n\t\t\t\t<div class=\"elementor-widget-container\">\n\t\t\t<style>\/*! elementor - v3.21.0 - 26-05-2024 *\/\n.elementor-widget-text-editor.elementor-drop-cap-view-stacked .elementor-drop-cap{background-color:#69727d;color:#fff}.elementor-widget-text-editor.elementor-drop-cap-view-framed .elementor-drop-cap{color:#69727d;border:3px solid;background-color:transparent}.elementor-widget-text-editor:not(.elementor-drop-cap-view-default) .elementor-drop-cap{margin-top:8px}.elementor-widget-text-editor:not(.elementor-drop-cap-view-default) .elementor-drop-cap-letter{width:1em;height:1em}.elementor-widget-text-editor .elementor-drop-cap{float:left;text-align:center;line-height:1;font-size:50px}.elementor-widget-text-editor .elementor-drop-cap-letter{display:inline-block}<\/style>\t\t\t\t<p><!-- wp:heading --><\/p><h2 class=\"wp-block-heading\" style=\"text-align: center;\">Comprendre une Glande Essentielle pour la Sant\u00e9 Masculine<\/h2><p><!-- \/wp:heading --><\/p><p><!-- wp:paragraph --><\/p><p>La prostate est une petite glande situ\u00e9e sous la vessie chez les hommes, jouant un r\u00f4le cl\u00e9 dans le syst\u00e8me reproducteur. Bien que de petite taille, elle est au centre de nombreuses pr\u00e9occupations de sant\u00e9 masculine, notamment en ce qui concerne le cancer de la prostate. Cette section vous permet d&#8217;en savoir plus sur son anatomie, son r\u00f4le et l&#8217;importance de la pr\u00e9vention.<\/p><div class=\"wp-block-columns\"><div class=\"wp-block-column\"><p><!-- \/wp:heading --><\/p><\/div><p><!-- \/wp:column --><\/p><\/div><p><!-- \/wp:columns --><\/p><p><!-- wp:paragraph --><\/p><p><!-- \/wp:paragraph --><\/p>\t\t\t\t\t\t<\/div>\n\t\t\t\t<\/div>\n\t\t\t\t\t<\/div>\n\t\t\t\t<\/div>\n\t\t<div class=\"elementor-element elementor-element-3a009b8 e-grid e-con-boxed e-con e-parent\" data-id=\"3a009b8\" data-element_type=\"container\">\n\t\t\t\t\t<div class=\"e-con-inner\">\n\t\t\t\t<div class=\"elementor-element elementor-element-4f5d2d3 elementor-button-success elementor-align-center elementor-widget elementor-widget-button\" data-id=\"4f5d2d3\" data-element_type=\"widget\" data-widget_type=\"button.default\">\n\t\t\t\t<div class=\"elementor-widget-container\">\n\t\t\t\t\t<div class=\"elementor-button-wrapper\">\n\t\t\t<a class=\"elementor-button elementor-button-link elementor-size-sm\" href=\"\">\n\t\t\t\t\t\t<span class=\"elementor-button-content-wrapper\">\n\t\t\t\t\t\t\t\t\t<span class=\"elementor-button-text\">D\u00e9finition de la Prostate<\/span>\n\t\t\t\t\t<\/span>\n\t\t\t\t\t<\/a>\n\t\t<\/div>\n\t\t\t\t<\/div>\n\t\t\t\t<\/div>\n\t\t\t\t<div class=\"elementor-element elementor-element-31580b4 elementor-align-center elementor-widget elementor-widget-button\" data-id=\"31580b4\" data-element_type=\"widget\" data-widget_type=\"button.default\">\n\t\t\t\t<div class=\"elementor-widget-container\">\n\t\t\t\t\t<div class=\"elementor-button-wrapper\">\n\t\t\t<a class=\"elementor-button elementor-button-link elementor-size-sm\" href=\"\">\n\t\t\t\t\t\t<span class=\"elementor-button-content-wrapper\">\n\t\t\t\t\t\t\t\t\t<span class=\"elementor-button-text\">Fonction de la Prostate<\/span>\n\t\t\t\t\t<\/span>\n\t\t\t\t\t<\/a>\n\t\t<\/div>\n\t\t\t\t<\/div>\n\t\t\t\t<\/div>\n\t\t\t\t\t<\/div>\n\t\t\t\t<\/div>\n\t\t<div class=\"elementor-element elementor-element-4017761 e-grid e-con-boxed e-con e-parent\" data-id=\"4017761\" data-element_type=\"container\">\n\t\t\t\t\t<div class=\"e-con-inner\">\n\t\t\t\t<div class=\"elementor-element elementor-element-d3fb157 elementor-widget elementor-widget-text-editor\" data-id=\"d3fb157\" data-element_type=\"widget\" data-widget_type=\"text-editor.default\">\n\t\t\t\t<div class=\"elementor-widget-container\">\n\t\t\t\t\t\t\t<h4>Qu\u2019est-ce que la Prostate ?<\/h4><p>D\u00e9couvrez ce qu\u2019est la prostate, o\u00f9 elle est situ\u00e9e et son r\u00f4le dans le syst\u00e8me reproducteur masculin.<\/p><p><img fetchpriority=\"high\" decoding=\"async\" class=\"size-medium wp-image-416 aligncenter\" src=\"http:\/\/test-prostate.com\/wp-content\/uploads\/2024\/10\/Capture-decran-2024-10-03-a-16.29.24-300x183.png\" alt=\"\" width=\"300\" height=\"183\" srcset=\"https:\/\/test-prostate.com\/wp-content\/uploads\/2024\/10\/Capture-decran-2024-10-03-a-16.29.24-300x183.png 300w, https:\/\/test-prostate.com\/wp-content\/uploads\/2024\/10\/Capture-decran-2024-10-03-a-16.29.24-1024x625.png 1024w, https:\/\/test-prostate.com\/wp-content\/uploads\/2024\/10\/Capture-decran-2024-10-03-a-16.29.24-768x469.png 768w, https:\/\/test-prostate.com\/wp-content\/uploads\/2024\/10\/Capture-decran-2024-10-03-a-16.29.24-1536x938.png 1536w, https:\/\/test-prostate.com\/wp-content\/uploads\/2024\/10\/Capture-decran-2024-10-03-a-16.29.24.png 1602w\" sizes=\"(max-width: 300px) 100vw, 300px\" \/><\/p>\t\t\t\t\t\t<\/div>\n\t\t\t\t<\/div>\n\t\t\t\t<div class=\"elementor-element elementor-element-9e3e612 elementor-widget elementor-widget-text-editor\" data-id=\"9e3e612\" data-element_type=\"widget\" data-widget_type=\"text-editor.default\">\n\t\t\t\t<div class=\"elementor-widget-container\">\n\t\t\t\t\t\t\t<h4>Fonction de la Prostate.<\/h4><p>La prostate joue un r\u00f4le cl\u00e9 dans la production du liquide s\u00e9minal. Apprenez-en plus sur les diff\u00e9rentes fonctions de cette glande.<\/p><p><img decoding=\"async\" class=\"wp-image-417 aligncenter\" src=\"http:\/\/test-prostate.com\/wp-content\/uploads\/2024\/10\/Capture-decran-2024-10-03-a-16.35.10-300x251.png\" alt=\"\" width=\"227\" height=\"190\" srcset=\"https:\/\/test-prostate.com\/wp-content\/uploads\/2024\/10\/Capture-decran-2024-10-03-a-16.35.10-300x251.png 300w, https:\/\/test-prostate.com\/wp-content\/uploads\/2024\/10\/Capture-decran-2024-10-03-a-16.35.10.png 728w\" sizes=\"(max-width: 227px) 100vw, 227px\" \/><\/p>\t\t\t\t\t\t<\/div>\n\t\t\t\t<\/div>\n\t\t\t\t\t<\/div>\n\t\t\t\t<\/div>\n\t\t<div class=\"elementor-element elementor-element-6ce1ce2 e-grid e-con-boxed e-con e-parent\" data-id=\"6ce1ce2\" data-element_type=\"container\">\n\t\t\t\t\t<div class=\"e-con-inner\">\n\t\t\t\t<div class=\"elementor-element elementor-element-b203874 elementor-align-center elementor-widget elementor-widget-button\" data-id=\"b203874\" data-element_type=\"widget\" data-widget_type=\"button.default\">\n\t\t\t\t<div class=\"elementor-widget-container\">\n\t\t\t\t\t<div class=\"elementor-button-wrapper\">\n\t\t\t<a class=\"elementor-button elementor-button-link elementor-size-sm\" href=\"\">\n\t\t\t\t\t\t<span class=\"elementor-button-content-wrapper\">\n\t\t\t\t\t\t\t\t\t<span class=\"elementor-button-text\">En savoir plus<\/span>\n\t\t\t\t\t<\/span>\n\t\t\t\t\t<\/a>\n\t\t<\/div>\n\t\t\t\t<\/div>\n\t\t\t\t<\/div>\n\t\t\t\t<div class=\"elementor-element elementor-element-5fa7db5 elementor-align-center elementor-widget elementor-widget-button\" data-id=\"5fa7db5\" data-element_type=\"widget\" data-widget_type=\"button.default\">\n\t\t\t\t<div class=\"elementor-widget-container\">\n\t\t\t\t\t<div class=\"elementor-button-wrapper\">\n\t\t\t<a class=\"elementor-button elementor-button-link elementor-size-sm\" href=\"\">\n\t\t\t\t\t\t<span class=\"elementor-button-content-wrapper\">\n\t\t\t\t\t\t\t\t\t<span class=\"elementor-button-text\">D\u00e9couvrir la fonction<\/span>\n\t\t\t\t\t<\/span>\n\t\t\t\t\t<\/a>\n\t\t<\/div>\n\t\t\t\t<\/div>\n\t\t\t\t<\/div>\n\t\t\t\t\t<\/div>\n\t\t\t\t<\/div>\n\t\t<div class=\"elementor-element elementor-element-861ef02 e-flex e-con-boxed e-con e-parent\" data-id=\"861ef02\" data-element_type=\"container\">\n\t\t\t\t\t<div class=\"e-con-inner\">\n\t\t\t\t<div class=\"elementor-element elementor-element-46c0fdb elementor-widget elementor-widget-spacer\" data-id=\"46c0fdb\" data-element_type=\"widget\" data-widget_type=\"spacer.default\">\n\t\t\t\t<div class=\"elementor-widget-container\">\n\t\t\t<style>\/*! elementor - v3.21.0 - 26-05-2024 *\/\n.elementor-column .elementor-spacer-inner{height:var(--spacer-size)}.e-con{--container-widget-width:100%}.e-con-inner>.elementor-widget-spacer,.e-con>.elementor-widget-spacer{width:var(--container-widget-width,var(--spacer-size));--align-self:var(--container-widget-align-self,initial);--flex-shrink:0}.e-con-inner>.elementor-widget-spacer>.elementor-widget-container,.e-con>.elementor-widget-spacer>.elementor-widget-container{height:100%;width:100%}.e-con-inner>.elementor-widget-spacer>.elementor-widget-container>.elementor-spacer,.e-con>.elementor-widget-spacer>.elementor-widget-container>.elementor-spacer{height:100%}.e-con-inner>.elementor-widget-spacer>.elementor-widget-container>.elementor-spacer>.elementor-spacer-inner,.e-con>.elementor-widget-spacer>.elementor-widget-container>.elementor-spacer>.elementor-spacer-inner{height:var(--container-widget-height,var(--spacer-size))}.e-con-inner>.elementor-widget-spacer.elementor-widget-empty,.e-con>.elementor-widget-spacer.elementor-widget-empty{position:relative;min-height:22px;min-width:22px}.e-con-inner>.elementor-widget-spacer.elementor-widget-empty .elementor-widget-empty-icon,.e-con>.elementor-widget-spacer.elementor-widget-empty .elementor-widget-empty-icon{position:absolute;top:0;bottom:0;left:0;right:0;margin:auto;padding:0;width:22px;height:22px}<\/style>\t\t<div class=\"elementor-spacer\">\n\t\t\t<div class=\"elementor-spacer-inner\"><\/div>\n\t\t<\/div>\n\t\t\t\t<\/div>\n\t\t\t\t<\/div>\n\t\t\t\t\t<\/div>\n\t\t\t\t<\/div>\n\t\t\t\t<\/div>\n\t\t","protected":false},"excerpt":{"rendered":"<p>Comprendre une Glande Essentielle pour la Sant\u00e9 Masculine La prostate est une petite glande situ\u00e9e sous la vessie chez les hommes, jouant un r\u00f4le cl\u00e9 dans le syst\u00e8me reproducteur. Bien que de petite taille, elle est au centre de nombreuses pr\u00e9occupations de sant\u00e9 masculine, notamment en ce qui concerne le cancer de la prostate. Cette&#8230;<\/p>\n","protected":false},"author":1,"featured_media":0,"parent":0,"menu_order":0,"comment_status":"closed","ping_status":"closed","template":"","meta":{"_themeisle_gutenberg_block_has_review":false,"_kadence_starter_templates_imported_post":false,"_kad_post_transparent":"","_kad_post_title":"hide","_kad_post_layout":"fullwidth","_kad_post_sidebar_id":"","_kad_post_content_style":"unboxed","_kad_post_vertical_padding":"hide","_kad_post_feature":"hide","_kad_post_feature_position":"","_kad_post_header":false,"_kad_post_footer":false,"footnotes":""},"class_list":["post-387","page","type-page","status-publish","hentry"],"yoast_head":"<!-- This site is optimized with the Yoast SEO plugin v22.8 - https:\/\/yoast.com\/wordpress\/plugins\/seo\/ -->\n<title>La Prostate -<\/title>\n<meta name=\"robots\" content=\"index, follow, max-snippet:-1, max-image-preview:large, max-video-preview:-1\" \/>\n<link rel=\"canonical\" href=\"https:\/\/test-prostate.com\/?page_id=387\" \/>\n<meta property=\"og:locale\" content=\"en_US\" \/>\n<meta property=\"og:type\" content=\"article\" \/>\n<meta property=\"og:title\" content=\"La Prostate -\" \/>\n<meta property=\"og:description\" content=\"Comprendre une Glande Essentielle pour la Sant\u00e9 Masculine La prostate est une petite glande situ\u00e9e sous la vessie chez les hommes, jouant un r\u00f4le cl\u00e9 dans le syst\u00e8me reproducteur. Bien que de petite taille, elle est au centre de nombreuses pr\u00e9occupations de sant\u00e9 masculine, notamment en ce qui concerne le cancer de la prostate. Cette...\" \/>\n<meta property=\"og:url\" content=\"https:\/\/test-prostate.com\/?page_id=387\" \/>\n<meta property=\"article:modified_time\" content=\"2024-10-03T14:43:48+00:00\" \/>\n<meta property=\"og:image\" content=\"http:\/\/test-prostate.com\/wp-content\/uploads\/2024\/10\/Capture-decran-2024-10-03-a-16.29.24-300x183.png\" \/>\n<meta name=\"twitter:card\" content=\"summary_large_image\" \/>\n<meta name=\"twitter:label1\" content=\"Est. reading time\" \/>\n\t<meta name=\"twitter:data1\" content=\"1 minute\" \/>\n<script type=\"application\/ld+json\" class=\"yoast-schema-graph\">{\"@context\":\"https:\/\/schema.org\",\"@graph\":[{\"@type\":\"WebPage\",\"@id\":\"https:\/\/test-prostate.com\/?page_id=387\",\"url\":\"https:\/\/test-prostate.com\/?page_id=387\",\"name\":\"La Prostate -\",\"isPartOf\":{\"@id\":\"https:\/\/test-prostate.com\/#website\"},\"primaryImageOfPage\":{\"@id\":\"https:\/\/test-prostate.com\/?page_id=387#primaryimage\"},\"image\":{\"@id\":\"https:\/\/test-prostate.com\/?page_id=387#primaryimage\"},\"thumbnailUrl\":\"http:\/\/test-prostate.com\/wp-content\/uploads\/2024\/10\/Capture-decran-2024-10-03-a-16.29.24-300x183.png\",\"datePublished\":\"2024-10-03T12:31:32+00:00\",\"dateModified\":\"2024-10-03T14:43:48+00:00\",\"breadcrumb\":{\"@id\":\"https:\/\/test-prostate.com\/?page_id=387#breadcrumb\"},\"inLanguage\":\"en-US\",\"potentialAction\":[{\"@type\":\"ReadAction\",\"target\":[\"https:\/\/test-prostate.com\/?page_id=387\"]}]},{\"@type\":\"ImageObject\",\"inLanguage\":\"en-US\",\"@id\":\"https:\/\/test-prostate.com\/?page_id=387#primaryimage\",\"url\":\"https:\/\/test-prostate.com\/wp-content\/uploads\/2024\/10\/Capture-decran-2024-10-03-a-16.29.24.png\",\"contentUrl\":\"https:\/\/test-prostate.com\/wp-content\/uploads\/2024\/10\/Capture-decran-2024-10-03-a-16.29.24.png\",\"width\":1602,\"height\":978},{\"@type\":\"BreadcrumbList\",\"@id\":\"https:\/\/test-prostate.com\/?page_id=387#breadcrumb\",\"itemListElement\":[{\"@type\":\"ListItem\",\"position\":1,\"name\":\"Accueil\",\"item\":\"https:\/\/test-prostate.com\/\"},{\"@type\":\"ListItem\",\"position\":2,\"name\":\"La Prostate\"}]},{\"@type\":\"WebSite\",\"@id\":\"https:\/\/test-prostate.com\/#website\",\"url\":\"https:\/\/test-prostate.com\/\",\"name\":\"\",\"description\":\"\",\"potentialAction\":[{\"@type\":\"SearchAction\",\"target\":{\"@type\":\"EntryPoint\",\"urlTemplate\":\"https:\/\/test-prostate.com\/?s={search_term_string}\"},\"query-input\":\"required name=search_term_string\"}],\"inLanguage\":\"en-US\"}]}<\/script>\n<!-- \/ Yoast SEO plugin. -->","yoast_head_json":{"title":"La Prostate -","robots":{"index":"index","follow":"follow","max-snippet":"max-snippet:-1","max-image-preview":"max-image-preview:large","max-video-preview":"max-video-preview:-1"},"canonical":"https:\/\/test-prostate.com\/?page_id=387","og_locale":"en_US","og_type":"article","og_title":"La Prostate -","og_description":"Comprendre une Glande Essentielle pour la Sant\u00e9 Masculine La prostate est une petite glande situ\u00e9e sous la vessie chez les hommes, jouant un r\u00f4le cl\u00e9 dans le syst\u00e8me reproducteur. Bien que de petite taille, elle est au centre de nombreuses pr\u00e9occupations de sant\u00e9 masculine, notamment en ce qui concerne le cancer de la prostate. Cette...","og_url":"https:\/\/test-prostate.com\/?page_id=387","article_modified_time":"2024-10-03T14:43:48+00:00","og_image":[{"url":"http:\/\/test-prostate.com\/wp-content\/uploads\/2024\/10\/Capture-decran-2024-10-03-a-16.29.24-300x183.png"}],"twitter_card":"summary_large_image","twitter_misc":{"Est. reading time":"1 minute"},"schema":{"@context":"https:\/\/schema.org","@graph":[{"@type":"WebPage","@id":"https:\/\/test-prostate.com\/?page_id=387","url":"https:\/\/test-prostate.com\/?page_id=387","name":"La Prostate -","isPartOf":{"@id":"https:\/\/test-prostate.com\/#website"},"primaryImageOfPage":{"@id":"https:\/\/test-prostate.com\/?page_id=387#primaryimage"},"image":{"@id":"https:\/\/test-prostate.com\/?page_id=387#primaryimage"},"thumbnailUrl":"http:\/\/test-prostate.com\/wp-content\/uploads\/2024\/10\/Capture-decran-2024-10-03-a-16.29.24-300x183.png","datePublished":"2024-10-03T12:31:32+00:00","dateModified":"2024-10-03T14:43:48+00:00","breadcrumb":{"@id":"https:\/\/test-prostate.com\/?page_id=387#breadcrumb"},"inLanguage":"en-US","potentialAction":[{"@type":"ReadAction","target":["https:\/\/test-prostate.com\/?page_id=387"]}]},{"@type":"ImageObject","inLanguage":"en-US","@id":"https:\/\/test-prostate.com\/?page_id=387#primaryimage","url":"https:\/\/test-prostate.com\/wp-content\/uploads\/2024\/10\/Capture-decran-2024-10-03-a-16.29.24.png","contentUrl":"https:\/\/test-prostate.com\/wp-content\/uploads\/2024\/10\/Capture-decran-2024-10-03-a-16.29.24.png","width":1602,"height":978},{"@type":"BreadcrumbList","@id":"https:\/\/test-prostate.com\/?page_id=387#breadcrumb","itemListElement":[{"@type":"ListItem","position":1,"name":"Accueil","item":"https:\/\/test-prostate.com\/"},{"@type":"ListItem","position":2,"name":"La Prostate"}]},{"@type":"WebSite","@id":"https:\/\/test-prostate.com\/#website","url":"https:\/\/test-prostate.com\/","name":"","description":"","potentialAction":[{"@type":"SearchAction","target":{"@type":"EntryPoint","urlTemplate":"https:\/\/test-prostate.com\/?s={search_term_string}"},"query-input":"required name=search_term_string"}],"inLanguage":"en-US"}]}},"_links":{"self":[{"href":"https:\/\/test-prostate.com\/index.php?rest_route=\/wp\/v2\/pages\/387","targetHints":{"allow":["GET"]}}],"collection":[{"href":"https:\/\/test-prostate.com\/index.php?rest_route=\/wp\/v2\/pages"}],"about":[{"href":"https:\/\/test-prostate.com\/index.php?rest_route=\/wp\/v2\/types\/page"}],"author":[{"embeddable":true,"href":"https:\/\/test-prostate.com\/index.php?rest_route=\/wp\/v2\/users\/1"}],"replies":[{"embeddable":true,"href":"https:\/\/test-prostate.com\/index.php?rest_route=%2Fwp%2Fv2%2Fcomments&post=387"}],"version-history":[{"count":9,"href":"https:\/\/test-prostate.com\/index.php?rest_route=\/wp\/v2\/pages\/387\/revisions"}],"predecessor-version":[{"id":423,"href":"https:\/\/test-prostate.com\/index.php?rest_route=\/wp\/v2\/pages\/387\/revisions\/423"}],"wp:attachment":[{"href":"https:\/\/test-prostate.com\/index.php?rest_route=%2Fwp%2Fv2%2Fmedia&parent=387"}],"curies":[{"name":"wp","href":"https:\/\/api.w.org\/{rel}","templated":true}]}}